{"id":23,"date":"2016-11-24T20:40:14","date_gmt":"2016-11-24T20:40:14","guid":{"rendered":"http:\/\/ferienappartements-am-sund.de\/?page_id=23"},"modified":"2026-03-11T09:05:08","modified_gmt":"2026-03-11T09:05:08","slug":"preise","status":"publish","type":"page","link":"https:\/\/ferienappartements-am-sund.de\/?page_id=23","title":{"rendered":"Preise"},"content":{"rendered":"\n<p class=\"has-text-align-center has-large-font-size\"><\/p>\n\n\n\n<p class=\"has-text-align-center has-large-font-size\"><a href=\"https:\/\/ferienappartements-am-sund.de\/wp-content\/uploads\/2026\/03\/Preisliste-2026.pdf\" data-type=\"link\" data-id=\"https:\/\/ferienappartements-am-sund.de\/wp-content\/uploads\/2026\/03\/Preisliste-2026.pdf\" target=\"_blank\" rel=\"noreferrer noopener\">Preisliste 2026<\/a><\/p>\n\n\n\n<div class=\"wp-block-group has-normal-font-size\"><div class=\"wp-block-group__inner-container is-layout-constrained wp-block-group-is-layout-constrained\">\n<p>Die Preise unserer Ferienwohnungen richten sich nach der Gr\u00f6\u00dfe der Wohnung, der Belegung und der Dauer ihres Aufenthaltes.<\/p>\n\n\n\n<p>Bettw\u00e4sche und Handt\u00fccher stehen Ihnen bei Ihrer Anreise kostenfrei zur Verf\u00fcgung. Eine Geb\u00fchr f\u00fcr die Endreinigung&nbsp;der Ferienwohnung wird nicht f\u00e4llig.<\/p>\n\n\n\n<p><\/p>\n<\/div><\/div>\n\n\n\n<hr class=\"wp-block-separator has-alpha-channel-opacity\"\/>\n\n\n\n<div class=\"wp-block-buttons is-content-justification-center is-layout-flex wp-container-core-buttons-is-layout-16018d1d wp-block-buttons-is-layout-flex\">\n<div class=\"wp-block-button has-custom-width wp-block-button__width-25\"><a class=\"wp-block-button__link has-button-hover-color-background-color has-background wp-element-button\" href=\"https:\/\/ferienappartements-am-sund.de\/?page_id=64\" style=\"border-radius:100px\">Nebensaison<br> <br>04.01. &#8211; 31.03.2026<br>01.11. &#8211; 20.12.2026<\/a><\/div>\n\n\n\n<div class=\"wp-block-button has-custom-width wp-block-button__width-25\"><a class=\"wp-block-button__link has-button-hover-color-background-color has-background wp-element-button\" href=\"https:\/\/ferienappartements-am-sund.de\/?page_id=82\" style=\"border-radius:100px\">Zwischensaison<br><br>01.04. &#8211; 31.05.2026<br>01.10. &#8211; 31.10.2026<\/a><\/div>\n\n\n\n<div class=\"wp-block-button has-custom-width wp-block-button__width-25\"><a class=\"wp-block-button__link has-button-hover-color-background-color has-background wp-element-button\" href=\"https:\/\/ferienappartements-am-sund.de\/?page_id=84\" style=\"border-radius:100px\">Hauptsaison<br><br>01.06. &#8211; 30.09.2026<br>21.12.26 &#8211; 03.01.27<\/a><\/div>\n<\/div>\n\n\n\n<p class=\"has-background\" style=\"background:linear-gradient(228deg,rgb(238,238,238) 0%,rgb(169,184,195) 100%);font-style:normal;font-weight:200\">Bitte beachten Sie, dass seit dem 01.09.2023 an die Hansestadt Stralsund eine <strong>\u00dcbernachtungssteuer <\/strong>zu entrichten ist. Sie betr\u00e4gt 5% des Netto-\u00dcbernachtungspreises und ist nicht in den aufgef\u00fchrten Preisen enthalten. Die Steuer ist am Anreisetag bar zu entrichten.<\/p>\n","protected":false},"excerpt":{"rendered":"<p>Preisliste 2026 Die Preise unserer Ferienwohnungen richten sich nach der Gr\u00f6\u00dfe der Wohnung, der Belegung und der Dauer ihres Aufenthaltes. Bettw\u00e4sche und Handt\u00fccher stehen Ihnen bei Ihrer Anreise kostenfrei zur Verf\u00fcgung. Eine Geb\u00fchr f\u00fcr die Endreinigung&nbsp;der Ferienwohnung wird nicht f\u00e4llig. &hellip;<\/p>\n<p class=\"read-more\"> <a class=\"more-link\" href=\"https:\/\/ferienappartements-am-sund.de\/?page_id=23\"> <span class=\"screen-reader-text\">Preise<\/span> Weiterlesen &raquo;<\/a><\/p>\n","protected":false},"author":1,"featured_media":0,"parent":0,"menu_order":0,"comment_status":"closed","ping_status":"closed","template":"","meta":{"footnotes":""},"class_list":["post-23","page","type-page","status-publish","hentry"],"_links":{"self":[{"href":"https:\/\/ferienappartements-am-sund.de\/index.php?rest_route=\/wp\/v2\/pages\/23","targetHints":{"allow":["GET"]}}],"collection":[{"href":"https:\/\/ferienappartements-am-sund.de\/index.php?rest_route=\/wp\/v2\/pages"}],"about":[{"href":"https:\/\/ferienappartements-am-sund.de\/index.php?rest_route=\/wp\/v2\/types\/page"}],"author":[{"embeddable":true,"href":"https:\/\/ferienappartements-am-sund.de\/index.php?rest_route=\/wp\/v2\/users\/1"}],"replies":[{"embeddable":true,"href":"https:\/\/ferienappartements-am-sund.de\/index.php?rest_route=%2Fwp%2Fv2%2Fcomments&post=23"}],"version-history":[{"count":71,"href":"https:\/\/ferienappartements-am-sund.de\/index.php?rest_route=\/wp\/v2\/pages\/23\/revisions"}],"predecessor-version":[{"id":885,"href":"https:\/\/ferienappartements-am-sund.de\/index.php?rest_route=\/wp\/v2\/pages\/23\/revisions\/885"}],"wp:attachment":[{"href":"https:\/\/ferienappartements-am-sund.de\/index.php?rest_route=%2Fwp%2Fv2%2Fmedia&parent=23"}],"curies":[{"name":"wp","href":"https:\/\/api.w.org\/{rel}","templated":true}]}}