{"id":240,"date":"2016-12-19T19:07:46","date_gmt":"2016-12-19T19:07:46","guid":{"rendered":"http:\/\/ferienappartements-am-sund.de\/?page_id=240"},"modified":"2024-02-01T09:36:11","modified_gmt":"2024-02-01T09:36:11","slug":"1-2-zimmer-ferienwohnungen","status":"publish","type":"page","link":"https:\/\/ferienappartements-am-sund.de\/?page_id=240","title":{"rendered":"Ferienwohnungen 1-6"},"content":{"rendered":"\n<hr class=\"wp-block-separator has-alpha-channel-opacity\"\/>\n\n\n\n<p>F\u00fcr die sch\u00f6nste Zeit des Jahres bieten wir Ihnen 6 ruhig gelegene Appartements in unterschiedlichen Gr\u00f6\u00dfen an.<\/p>\n\n\n\n<p>Wir m\u00f6chten Sie darauf aufmerksam machen, dass sich unsere Appartements im ersten und zweiten Obergeschoss unseres Hauses befinden und<strong> nicht<\/strong> \u00fcber einen Aufzug erreicht werden k\u00f6nnen.<\/p>\n\n\n\n<p>Alle Zimmer sind <strong>Nichtraucherzimmer<\/strong>.<br>Das Mitbringen von <strong>Haustieren <\/strong>ist nicht gestattet.<\/p>\n\n\n\n<p>F\u00fcr jede Ferienwohnung steht ein kostenloser <strong>Parkplatz <\/strong>auf unserem Grundst\u00fcck zur Verf\u00fcgung.<br>Auch den \u00fcberdachten Stellplatz f\u00fcr <strong>Fahrr\u00e4der <\/strong>k\u00f6nnen Sie frei nutzen.<\/p>\n\n\n\n<div style=\"height:35px\" aria-hidden=\"true\" class=\"wp-block-spacer\"><\/div>\n\n\n\n<h3 class=\"wp-block-heading\">1- Zimmer-Ferienwohnungen<\/h3>\n\n\n\n<div class=\"wp-block-buttons is-layout-flex wp-block-buttons-is-layout-flex\">\n<div class=\"wp-block-button has-custom-width wp-block-button__width-50\"><a class=\"wp-block-button__link has-button-hover-color-background-color has-background wp-element-button\" href=\"https:\/\/ferienappartements-am-sund.de\/?page_id=142\">Ferienwohnung 3<\/a><\/div>\n\n\n\n<div class=\"wp-block-button has-custom-width wp-block-button__width-50\"><a class=\"wp-block-button__link has-button-hover-color-background-color has-background wp-element-button\" href=\"https:\/\/ferienappartements-am-sund.de\/?page_id=144\">Ferienwohnung 4<\/a><\/div>\n<\/div>\n\n\n\n<p><\/p>\n\n\n\n<div style=\"height:29px\" aria-hidden=\"true\" class=\"wp-block-spacer\"><\/div>\n\n\n\n<p><\/p>\n\n\n\n<h3 class=\"has-text-align-left wp-block-heading\">2-Zimmer-Ferienwohnungen<\/h3>\n\n\n\n<div class=\"wp-block-buttons is-layout-flex wp-block-buttons-is-layout-flex\">\n<div class=\"wp-block-button has-custom-width wp-block-button__width-50\"><a class=\"wp-block-button__link has-button-hover-color-background-color has-background wp-element-button\" href=\"https:\/\/ferienappartements-am-sund.de\/?page_id=138\">Ferienwohnung 1<\/a><\/div>\n\n\n\n<div class=\"wp-block-button has-custom-width wp-block-button__width-50\"><a class=\"wp-block-button__link has-button-hover-color-background-color has-background wp-element-button\" href=\"https:\/\/ferienappartements-am-sund.de\/?page_id=140\">Ferienwohnung 2<\/a><\/div>\n\n\n\n<div class=\"wp-block-button has-custom-width wp-block-button__width-50\"><a class=\"wp-block-button__link has-button-hover-color-background-color has-background wp-element-button\" href=\"https:\/\/ferienappartements-am-sund.de\/?page_id=146\">Ferienwohnung 5<\/a><\/div>\n\n\n\n<div class=\"wp-block-button has-custom-width wp-block-button__width-50\"><a class=\"wp-block-button__link has-button-hover-color-background-color has-background wp-element-button\" href=\"https:\/\/ferienappartements-am-sund.de\/?page_id=148\">Ferienwohnung 6<\/a><\/div>\n<\/div>\n","protected":false},"excerpt":{"rendered":"<p>F\u00fcr die sch\u00f6nste Zeit des Jahres bieten wir Ihnen 6 ruhig gelegene Appartements in unterschiedlichen Gr\u00f6\u00dfen an. Wir m\u00f6chten Sie darauf aufmerksam machen, dass sich unsere Appartements im ersten und zweiten Obergeschoss unseres Hauses befinden und nicht \u00fcber einen Aufzug &hellip;<\/p>\n<p class=\"read-more\"> <a class=\"more-link\" href=\"https:\/\/ferienappartements-am-sund.de\/?page_id=240\"> <span class=\"screen-reader-text\">Ferienwohnungen 1-6<\/span> Weiterlesen &raquo;<\/a><\/p>\n","protected":false},"author":1,"featured_media":0,"parent":0,"menu_order":0,"comment_status":"closed","ping_status":"closed","template":"full-width-page.php","meta":{"footnotes":""},"class_list":["post-240","page","type-page","status-publish","hentry"],"_links":{"self":[{"href":"https:\/\/ferienappartements-am-sund.de\/index.php?rest_route=\/wp\/v2\/pages\/240","targetHints":{"allow":["GET"]}}],"collection":[{"href":"https:\/\/ferienappartements-am-sund.de\/index.php?rest_route=\/wp\/v2\/pages"}],"about":[{"href":"https:\/\/ferienappartements-am-sund.de\/index.php?rest_route=\/wp\/v2\/types\/page"}],"author":[{"embeddable":true,"href":"https:\/\/ferienappartements-am-sund.de\/index.php?rest_route=\/wp\/v2\/users\/1"}],"replies":[{"embeddable":true,"href":"https:\/\/ferienappartements-am-sund.de\/index.php?rest_route=%2Fwp%2Fv2%2Fcomments&post=240"}],"version-history":[{"count":29,"href":"https:\/\/ferienappartements-am-sund.de\/index.php?rest_route=\/wp\/v2\/pages\/240\/revisions"}],"predecessor-version":[{"id":781,"href":"https:\/\/ferienappartements-am-sund.de\/index.php?rest_route=\/wp\/v2\/pages\/240\/revisions\/781"}],"wp:attachment":[{"href":"https:\/\/ferienappartements-am-sund.de\/index.php?rest_route=%2Fwp%2Fv2%2Fmedia&parent=240"}],"curies":[{"name":"wp","href":"https:\/\/api.w.org\/{rel}","templated":true}]}}