{"id":84,"date":"2016-11-30T19:17:01","date_gmt":"2016-11-30T19:17:01","guid":{"rendered":"http:\/\/ferienappartements-am-sund.de\/?page_id=84"},"modified":"2026-03-11T09:28:27","modified_gmt":"2026-03-11T09:28:27","slug":"hauptsaison","status":"publish","type":"page","link":"https:\/\/ferienappartements-am-sund.de\/?page_id=84","title":{"rendered":"Hauptsaison"},"content":{"rendered":"\n<h4 class=\"wp-block-heading has-text-align-center\">01.06. &#8211; 30.09.2026<br>21.12.2026 &#8211; 03.01.2027<\/h4>\n\n\n\n<h4 class=\"wp-block-heading has-text-align-center\">alle bundeseinheitlichen Feiertage<\/h4>\n\n\n\n<hr class=\"wp-block-separator has-alpha-channel-opacity\"\/>\n\n\n\n<p>Die folgenden Preise gelten pro Nacht (Mehrwertsteuer bereits enthalten) bei einer <strong>maximal Belegung von 2 Personen<\/strong> in der Ferienwohnung.<br>F\u00fcr jede weitere Person wird f\u00fcr die <strong>Aufbettung <\/strong>eine Geb\u00fchr von 15,- \u20ac pro Nacht f\u00e4llig.<\/p>\n\n\n\n<p><strong>Mindestaufenthlt:<\/strong><\/p>\n\n\n\n<p>\/\/ <strong>01.06.2026 &#8211; 30.06.2026: 5 N\u00e4chte \/\/ 01.07.2026 &#8211; 30.09.2026 : 6 N\u00e4chte \/\/ 23.12.2026 &#8211; 03.01.2027: 6 N\u00e4chte<\/strong> \/\/<\/p>\n\n\n\n<p><\/p>\n\n\n\n<p>Bei einen Kurzaufenthalt in der Hauptsaison wird ein Aufpreis f\u00fcr nur eine \u00dcbernachtung in H\u00f6he von&nbsp;10 \u20ac (pro Ferienwohnung und Buchung) f\u00e4llig.<\/p>\n\n\n\n<div class=\"wp-block-buttons is-layout-flex wp-block-buttons-is-layout-flex\">\n<div class=\"wp-block-button has-custom-width wp-block-button__width-100\"><a class=\"wp-block-button__link has-button-hover-color-background-color has-background wp-element-button\" href=\"https:\/\/ferienappartements-am-sund.de\/wp-content\/uploads\/2026\/03\/Preisliste-2026.pdf\">Preisliste 2026<\/a><\/div>\n<\/div>\n\n\n\n<div style=\"height:66px\" aria-hidden=\"true\" class=\"wp-block-spacer\"><\/div>\n\n\n<div class=\"wp-block-image\">\n<figure class=\"aligncenter\"><a href=\"http:\/\/www.booking.com\/hotel\/de\/ferienappartements-rindfleisch.html?aid=330843;lang=de\"><img decoding=\"async\" src=\"http:\/\/aff.bstatic.com\/data\/sp_aff\/330843\/booknow_de.gif\" alt=\"\"\/><\/a><\/figure>\n<\/div>","protected":false},"excerpt":{"rendered":"<p>01.06. &#8211; 30.09.202621.12.2026 &#8211; 03.01.2027 alle bundeseinheitlichen Feiertage Die folgenden Preise gelten pro Nacht (Mehrwertsteuer bereits enthalten) bei einer maximal Belegung von 2 Personen in der Ferienwohnung.F\u00fcr jede weitere Person wird f\u00fcr die Aufbettung eine Geb\u00fchr von 15,- \u20ac pro &hellip;<\/p>\n<p class=\"read-more\"> <a class=\"more-link\" href=\"https:\/\/ferienappartements-am-sund.de\/?page_id=84\"> <span class=\"screen-reader-text\">Hauptsaison<\/span> Weiterlesen &raquo;<\/a><\/p>\n","protected":false},"author":1,"featured_media":0,"parent":23,"menu_order":0,"comment_status":"closed","ping_status":"closed","template":"full-width-page.php","meta":{"footnotes":""},"class_list":["post-84","page","type-page","status-publish","hentry"],"_links":{"self":[{"href":"https:\/\/ferienappartements-am-sund.de\/index.php?rest_route=\/wp\/v2\/pages\/84","targetHints":{"allow":["GET"]}}],"collection":[{"href":"https:\/\/ferienappartements-am-sund.de\/index.php?rest_route=\/wp\/v2\/pages"}],"about":[{"href":"https:\/\/ferienappartements-am-sund.de\/index.php?rest_route=\/wp\/v2\/types\/page"}],"author":[{"embeddable":true,"href":"https:\/\/ferienappartements-am-sund.de\/index.php?rest_route=\/wp\/v2\/users\/1"}],"replies":[{"embeddable":true,"href":"https:\/\/ferienappartements-am-sund.de\/index.php?rest_route=%2Fwp%2Fv2%2Fcomments&post=84"}],"version-history":[{"count":39,"href":"https:\/\/ferienappartements-am-sund.de\/index.php?rest_route=\/wp\/v2\/pages\/84\/revisions"}],"predecessor-version":[{"id":904,"href":"https:\/\/ferienappartements-am-sund.de\/index.php?rest_route=\/wp\/v2\/pages\/84\/revisions\/904"}],"up":[{"embeddable":true,"href":"https:\/\/ferienappartements-am-sund.de\/index.php?rest_route=\/wp\/v2\/pages\/23"}],"wp:attachment":[{"href":"https:\/\/ferienappartements-am-sund.de\/index.php?rest_route=%2Fwp%2Fv2%2Fmedia&parent=84"}],"curies":[{"name":"wp","href":"https:\/\/api.w.org\/{rel}","templated":true}]}}